{"id":15534,"date":"2018-12-04T10:33:46","date_gmt":"2018-12-04T07:33:46","guid":{"rendered":"https:\/\/mercanbiotech.com\/iletisim\/"},"modified":"2022-05-20T14:21:39","modified_gmt":"2022-05-20T11:21:39","slug":"contact","status":"publish","type":"page","link":"https:\/\/mercanbiotech.com\/en\/contact\/","title":{"rendered":"Contact"},"content":{"rendered":"<p>[vc_row disable_element=&#8221;yes&#8221;][vc_column css=&#8221;.vc_custom_1545380913303{padding-top: 50px !important;padding-bottom: 60px !important;}&#8221;][vc_row_inner][vc_column_inner width=&#8221;1\/3&#8243;]<div id='ins-icon-6a0596b34f664' class='ins-float-icon-wrapper margin-20px-bottom ins-icon-box-align-left-basic   ' ><div class='ins-float-icon-inner position-relative'><i class='link-icon text-medium-gray icon-medium iconsmind-Edit-Map'><\/i><\/div><div class='ins-float-icon-box-content'><h6 class='ins-float-icon-box-title margin-5px-bottom title-font font-weight-600 text-large no-letter-spacing'>Adres<\/h6><div class='last-paragraph-no-margin'><p class='ins-float-icon-box-text  default'>15 Temmuz Mah. 1507 Sok. No:12\/11 Ba\u011fc\u0131lar, 34212 \u0130stanbul\/T\u00fcrkiye<\/p><\/div><div class='ins-icon-box-btn-wrap margin-20px-top'><a class='ins-image-box-btn title-font pc' href='#'>Yol Tarifi<\/a><\/div><\/div><\/div><script type=\"text\/javascript\">\n\t\t(function(jQuery) {\n\t\t\t\t\t})(jQuery);\n\t\t\t\t\t\t<\/script>[\/vc_column_inner][vc_column_inner width=&#8221;1\/3&#8243;]<div id='ins-icon-6a0596b34f6de' class='ins-float-icon-wrapper margin-20px-bottom ins-icon-box-align-left-basic   ' ><div class='ins-float-icon-inner position-relative'><i class='link-icon text-medium-gray icon-medium iconsmind-Inbox-Full'><\/i><\/div><div class='ins-float-icon-box-content'><h6 class='ins-float-icon-box-title margin-5px-bottom title-font font-weight-600 text-large no-letter-spacing'>E-posta<\/h6><div class='ins-icon-box-btn-wrap margin-20px-top'><a class='ins-image-box-btn title-font pc' href='mailto:info@mercanbiotech.com'>info@mercanbiotech.com<\/a><\/div><\/div><\/div><script type=\"text\/javascript\">\n\t\t(function(jQuery) {\n\t\t\t\t\t})(jQuery);\n\t\t\t\t\t\t<\/script>[\/vc_column_inner][vc_column_inner width=&#8221;1\/3&#8243;]<div id='ins-icon-6a0596b34f74e' class='ins-float-icon-wrapper margin-20px-bottom ins-icon-box-align-left-basic   ' ><div class='ins-float-icon-inner position-relative'><i class='link-icon text-medium-gray icon-medium iconsmind-Phone-3'><\/i><\/div><div class='ins-float-icon-box-content'><h6 class='ins-float-icon-box-title margin-5px-bottom title-font font-weight-600 text-large no-letter-spacing'>Telefon<\/h6><div class='ins-icon-box-btn-wrap margin-20px-top'><a class='ins-image-box-btn title-font pc' href='tel:+902124460000'>+90 (212) 446 00 00<\/a><\/div><\/div><\/div><script type=\"text\/javascript\">\n\t\t(function(jQuery) {\n\t\t\t\t\t})(jQuery);\n\t\t\t\t\t\t<\/script>[\/vc_column_inner][\/vc_row_inner][\/vc_column][\/vc_row][vc_row][vc_column css=&#8221;.vc_custom_1545380913303{padding-top: 50px !important;padding-bottom: 60px !important;}&#8221;][vc_row_inner][vc_column_inner width=&#8221;1\/2&#8243; css=&#8221;.vc_custom_1651316854089{padding-top: 45px !important;}&#8221;]<div id='ins-icon-6a0596b34f7d5' class='ins-float-icon-wrapper margin-20px-bottom ins-icon-box-align-left-basic   ' ><div class='ins-float-icon-inner position-relative'><i class='link-icon text-medium-gray icon-medium iconsmind-Edit-Map'><\/i><\/div><div class='ins-float-icon-box-content'><h6 class='ins-float-icon-box-title margin-5px-bottom title-font font-weight-600 text-large no-letter-spacing'>Address<\/h6><div class='last-paragraph-no-margin'><p class='ins-float-icon-box-text  default'>15 Temmuz Mah. 1507 Sok. No:12\/11 G\u00fcne\u015fli, 34212 \u0130stanbul\/Turkey<\/p><\/div><div class='ins-icon-box-btn-wrap margin-20px-top'><a class='ins-image-box-btn title-font pc' href='https:\/\/goo.gl\/maps\/bD9LtWpt1BpH4kkaA'>Get Direction<\/a><\/div><\/div><\/div><script type=\"text\/javascript\">\n\t\t(function(jQuery) {\n\t\t\t\t\t})(jQuery);\n\t\t\t\t\t\t<\/script><div id='ins-icon-6a0596b34f835' class='ins-float-icon-wrapper margin-20px-bottom ins-icon-box-align-left-basic   ' ><div class='ins-float-icon-inner position-relative'><i class='link-icon text-medium-gray icon-medium iconsmind-Phone-3'><\/i><\/div><div class='ins-float-icon-box-content'><h6 class='ins-float-icon-box-title margin-5px-bottom title-font font-weight-600 text-large no-letter-spacing'>Phone<\/h6><div class='ins-icon-box-btn-wrap margin-20px-top'><a class='ins-image-box-btn title-font pc' href='tel:+902124460000'>+90 (212) 446 00 00<\/a><\/div><\/div><\/div><script type=\"text\/javascript\">\n\t\t(function(jQuery) {\n\t\t\t\t\t})(jQuery);\n\t\t\t\t\t\t<\/script><div id='ins-icon-6a0596b34f88f' class='ins-float-icon-wrapper margin-20px-bottom ins-icon-box-align-left-basic   ' ><div class='ins-float-icon-inner position-relative'><i class='link-icon text-medium-gray icon-medium iconsmind-Inbox-Full'><\/i><\/div><div class='ins-float-icon-box-content'><h6 class='ins-float-icon-box-title margin-5px-bottom title-font font-weight-600 text-large no-letter-spacing'>E-mail<\/h6><div class='ins-icon-box-btn-wrap margin-20px-top'><a class='ins-image-box-btn title-font pc' href='mailto:info@mercanbiotech.com'>info@mercanbiotech.com<\/a><\/div><\/div><\/div><script type=\"text\/javascript\">\n\t\t(function(jQuery) {\n\t\t\t\t\t})(jQuery);\n\t\t\t\t\t\t<\/script>[\/vc_column_inner][vc_column_inner width=&#8221;1\/2&#8243;]<div id='ins-heading-6a0596b34f8f3' class='section-heading ins-heading text-center default    '  style='margin-top:0; margin-bottom:0'><h3 class='section-heading-title margin-10px-top  default '>Send a Message<\/h3><\/div><script type=\"text\/javascript\">\n\t\t(function(jQuery) {jQuery(\"head\").append(\"<style>#ins-heading-6a0596b34f8f3 .section-heading-subtitle {color: #07a7e3;}<\/style>\")\n\t\t\t\t\t})(jQuery);\n\t\t\t\t\t\t<\/script>[vc_column_text css=&#8221;.vc_custom_1653045638704{margin-bottom: 50px !important;}&#8221;]You can reach us by phone, email, or via the contact form below. We will be happy to assist you.[\/vc_column_text]<div role=\"form\" class=\"wpcf7\" id=\"wpcf7-f15597-o1\" lang=\"en-US\" dir=\"ltr\">\n<div class=\"screen-reader-response\"><p role=\"status\" aria-live=\"polite\" aria-atomic=\"true\"><\/p> <ul><\/ul><\/div>\n<form action=\"\/en\/wp-json\/wp\/v2\/pages\/15534#wpcf7-f15597-o1\" method=\"post\" class=\"wpcf7-form init\" novalidate=\"novalidate\" data-status=\"init\">\n<div style=\"display: none;\">\n<input type=\"hidden\" name=\"_wpcf7\" value=\"15597\" \/>\n<input type=\"hidden\" name=\"_wpcf7_version\" value=\"5.5.6.1\" \/>\n<input type=\"hidden\" name=\"_wpcf7_locale\" value=\"en_US\" \/>\n<input type=\"hidden\" name=\"_wpcf7_unit_tag\" value=\"wpcf7-f15597-o1\" \/>\n<input type=\"hidden\" name=\"_wpcf7_container_post\" value=\"0\" \/>\n<input type=\"hidden\" name=\"_wpcf7_posted_data_hash\" value=\"\" \/>\n<input type=\"hidden\" name=\"_wpcf7_recaptcha_response\" value=\"\" \/>\n<\/div>\n<div class=\"full-width-cf ins-contact-form\">\n<div class=\"ins-contact-form-field\"><span class=\"wpcf7-form-control-wrap your-name\"><input type=\"text\" name=\"your-name\" value=\"\" size=\"40\" class=\"wpcf7-form-control wpcf7-text wpcf7-validates-as-required\" aria-required=\"true\" aria-invalid=\"false\" placeholder=\"Full Name*\" \/><\/span><\/div>\n<div class=\"ins-contact-form-field\"><span class=\"wpcf7-form-control-wrap email\"><input type=\"email\" name=\"email\" value=\"\" size=\"40\" class=\"wpcf7-form-control wpcf7-text wpcf7-email wpcf7-validates-as-required wpcf7-validates-as-email\" aria-required=\"true\" aria-invalid=\"false\" placeholder=\"E-mail*\" \/><\/span><\/div>\n<div class=\"ins-contact-form-field\"><span class=\"wpcf7-form-control-wrap tel\"><input type=\"tel\" name=\"tel\" value=\"\" size=\"40\" class=\"wpcf7-form-control wpcf7-text wpcf7-tel wpcf7-validates-as-required wpcf7-validates-as-tel\" aria-required=\"true\" aria-invalid=\"false\" placeholder=\"Phone*\" \/><\/span><\/div>\n<div class=\"ins-contact-form-field\"><span class=\"wpcf7-form-control-wrap konu\"><input type=\"text\" name=\"konu\" value=\"\" size=\"40\" class=\"wpcf7-form-control wpcf7-text wpcf7-validates-as-required\" aria-required=\"true\" aria-invalid=\"false\" placeholder=\"Subject*\" \/><\/span> <\/div>\n<div class=\"ins-contact-form-field\"><span class=\"wpcf7-form-control-wrap your-message\"><textarea name=\"your-message\" cols=\"40\" rows=\"4\" class=\"wpcf7-form-control wpcf7-textarea wpcf7-validates-as-required\" aria-required=\"true\" aria-invalid=\"false\" placeholder=\"Your Messages*\"><\/textarea><\/span><\/div>\n<div class=\"ins-contact-form-acceptance margin-15px-bottom\"><span class=\"wpcf7-form-control-wrap your-consent\"><span class=\"wpcf7-form-control wpcf7-acceptance\"><span class=\"wpcf7-list-item\"><label><input type=\"checkbox\" name=\"your-consent\" value=\"1\" aria-invalid=\"false\" \/><span class=\"wpcf7-list-item-label\">I agree to be contacted through the information I have provided.<\/span><\/label><\/span><\/span><\/span><\/div>\n<div class=\"ins-contact-form-field\"><input type=\"submit\" value=\"Send\" class=\"wpcf7-form-control has-spinner wpcf7-submit\" \/><\/div>\n<\/div>\n<div class=\"wpcf7-response-output\" aria-hidden=\"true\"><\/div><\/form><\/div>[\/vc_column_inner][\/vc_row_inner][\/vc_column][\/vc_row][vc_row][vc_column][vc_empty_space height=&#8221;20px&#8221;][vc_row_inner gap=&#8221;30&#8243;][vc_column_inner]\t\n\t \t \n\t<script type=\"text\/javascript\">\n\t\n\tjQuery(document).ready(function() {\n\t\n\t\t'use strict';\n\t\t\n\t\t\t\t\n\t\t\/\/ Map Coordination\n\t\t\n\t\tvar latlng = new google.maps.LatLng(41.042370373785346, 28.810977234319076);\n\t\t\n\t\t\/\/ Map Options\n\n\t\tvar myOptions = {\n\t\t\tzoom: 14,\n\t\t\tcenter: latlng,\n\t\t\tmapTypeId: google.maps.MapTypeId.ROADMAP,\n\t\t\tdisableDefaultUI: false,\n\t\t\tmapTypeControl: false,\n\t\t\tscrollwheel: false,\n\t\t\tstyles: [{\"featureType\":\"water\",\"elementType\":\"geometry\",\"stylers\":[{\"color\":\"#e9e9e9\"},{\"lightness\":17}]},{\"featureType\":\"landscape\",\"elementType\":\"geometry\",\"stylers\":[{\"color\":\"#f5f5f5\"},{\"lightness\":20}]},{\"featureType\":\"road.highway\",\"elementType\":\"geometry.fill\",\"stylers\":[{\"color\":\"#ffffff\"},{\"lightness\":17}]},{\"featureType\":\"road.highway\",\"elementType\":\"geometry.stroke\",\"stylers\":[{\"color\":\"#ffffff\"},{\"lightness\":29},{\"weight\":0.2}]},{\"featureType\":\"road.arterial\",\"elementType\":\"geometry\",\"stylers\":[{\"color\":\"#ffffff\"},{\"lightness\":18}]},{\"featureType\":\"road.local\",\"elementType\":\"geometry\",\"stylers\":[{\"color\":\"#ffffff\"},{\"lightness\":16}]},{\"featureType\":\"poi\",\"elementType\":\"geometry\",\"stylers\":[{\"color\":\"#f5f5f5\"},{\"lightness\":21}]},{\"featureType\":\"poi.park\",\"elementType\":\"geometry\",\"stylers\":[{\"color\":\"#dedede\"},{\"lightness\":21}]},{\"elementType\":\"labels.text.stroke\",\"stylers\":[{\"visibility\":\"on\"},{\"color\":\"#ffffff\"},{\"lightness\":16}]},{\"elementType\":\"labels.text.fill\",\"stylers\":[{\"saturation\":36},{\"color\":\"#333333\"},{\"lightness\":40}]},{\"elementType\":\"labels.icon\",\"stylers\":[{\"visibility\":\"off\"}]},{\"featureType\":\"transit\",\"elementType\":\"geometry\",\"stylers\":[{\"color\":\"#f2f2f2\"},{\"lightness\":19}]},{\"featureType\":\"administrative\",\"elementType\":\"geometry.fill\",\"stylers\":[{\"color\":\"#fefefe\"},{\"lightness\":20}]},{\"featureType\":\"administrative\",\"elementType\":\"geometry.stroke\",\"stylers\":[{\"color\":\"#fefefe\"},{\"lightness\":17},{\"weight\":1.2}]}]\t\t};\n\n\t\tvar map = new google.maps.Map( document.getElementById('google-map-5909' ), myOptions);\n\t\t\n        var marker = new google.maps.Marker({\n          position: latlng,\n          map: map\n        });\n\n\t});\n\t\n\t<\/script>\n\t\n\t<div class=\"insignia-gmap map-skin-light hidden_info_panel  \" >\t\n\t\n\t<div id=\"google-map-5909\" style=\"height:400px;\"><\/div>\n\t    \n\t<\/div>\n\t[\/vc_column_inner][\/vc_row_inner][vc_empty_space height=&#8221;70px&#8221;][\/vc_column][\/vc_row][vc_row disable_element=&#8221;yes&#8221;][vc_column][vc_empty_space height=&#8221;50px&#8221;][vc_row_inner gap=&#8221;30&#8243;][vc_column_inner width=&#8221;1\/2&#8243;]<div id='ins-heading-6a0596b3508bb' class='section-heading ins-heading text-center default    '  style='margin-top:0; margin-bottom:0'><h3 class='section-heading-title margin-10px-top  default '>Mesaj G\u00f6nderin<\/h3><\/div><script type=\"text\/javascript\">\n\t\t(function(jQuery) {jQuery(\"head\").append(\"<style>#ins-heading-6a0596b3508bb .section-heading-subtitle {color: #07a7e3;}<\/style>\")\n\t\t\t\t\t})(jQuery);\n\t\t\t\t\t\t<\/script>[vc_column_text css=&#8221;.vc_custom_1641922374675{margin-bottom: 50px !important;}&#8221;]Bize telefon, e-posta ya da a\u015fa\u011f\u0131daki ileti\u015fim formu arac\u0131l\u0131\u011f\u0131yla ula\u015fabilirsiniz. Sizlere yard\u0131mc\u0131 olmaktan memnuniyet duyar\u0131z.[\/vc_column_text]<div role=\"form\" class=\"wpcf7\" id=\"wpcf7-f15597-o2\" lang=\"en-US\" dir=\"ltr\">\n<div class=\"screen-reader-response\"><p role=\"status\" aria-live=\"polite\" aria-atomic=\"true\"><\/p> <ul><\/ul><\/div>\n<form action=\"\/en\/wp-json\/wp\/v2\/pages\/15534#wpcf7-f15597-o2\" method=\"post\" class=\"wpcf7-form init\" novalidate=\"novalidate\" data-status=\"init\">\n<div style=\"display: none;\">\n<input type=\"hidden\" name=\"_wpcf7\" value=\"15597\" \/>\n<input type=\"hidden\" name=\"_wpcf7_version\" value=\"5.5.6.1\" \/>\n<input type=\"hidden\" name=\"_wpcf7_locale\" value=\"en_US\" \/>\n<input type=\"hidden\" name=\"_wpcf7_unit_tag\" value=\"wpcf7-f15597-o2\" \/>\n<input type=\"hidden\" name=\"_wpcf7_container_post\" value=\"0\" \/>\n<input type=\"hidden\" name=\"_wpcf7_posted_data_hash\" value=\"\" \/>\n<input type=\"hidden\" name=\"_wpcf7_recaptcha_response\" value=\"\" \/>\n<\/div>\n<div class=\"full-width-cf ins-contact-form\">\n<div class=\"ins-contact-form-field\"><span class=\"wpcf7-form-control-wrap your-name\"><input type=\"text\" name=\"your-name\" value=\"\" size=\"40\" class=\"wpcf7-form-control wpcf7-text wpcf7-validates-as-required\" aria-required=\"true\" aria-invalid=\"false\" placeholder=\"Full Name*\" \/><\/span><\/div>\n<div class=\"ins-contact-form-field\"><span class=\"wpcf7-form-control-wrap email\"><input type=\"email\" name=\"email\" value=\"\" size=\"40\" class=\"wpcf7-form-control wpcf7-text wpcf7-email wpcf7-validates-as-required wpcf7-validates-as-email\" aria-required=\"true\" aria-invalid=\"false\" placeholder=\"E-mail*\" \/><\/span><\/div>\n<div class=\"ins-contact-form-field\"><span class=\"wpcf7-form-control-wrap tel\"><input type=\"tel\" name=\"tel\" value=\"\" size=\"40\" class=\"wpcf7-form-control wpcf7-text wpcf7-tel wpcf7-validates-as-required wpcf7-validates-as-tel\" aria-required=\"true\" aria-invalid=\"false\" placeholder=\"Phone*\" \/><\/span><\/div>\n<div class=\"ins-contact-form-field\"><span class=\"wpcf7-form-control-wrap konu\"><input type=\"text\" name=\"konu\" value=\"\" size=\"40\" class=\"wpcf7-form-control wpcf7-text wpcf7-validates-as-required\" aria-required=\"true\" aria-invalid=\"false\" placeholder=\"Subject*\" \/><\/span> <\/div>\n<div class=\"ins-contact-form-field\"><span class=\"wpcf7-form-control-wrap your-message\"><textarea name=\"your-message\" cols=\"40\" rows=\"4\" class=\"wpcf7-form-control wpcf7-textarea wpcf7-validates-as-required\" aria-required=\"true\" aria-invalid=\"false\" placeholder=\"Your Messages*\"><\/textarea><\/span><\/div>\n<div class=\"ins-contact-form-acceptance margin-15px-bottom\"><span class=\"wpcf7-form-control-wrap your-consent\"><span class=\"wpcf7-form-control wpcf7-acceptance\"><span class=\"wpcf7-list-item\"><label><input type=\"checkbox\" name=\"your-consent\" value=\"1\" aria-invalid=\"false\" \/><span class=\"wpcf7-list-item-label\">I agree to be contacted through the information I have provided.<\/span><\/label><\/span><\/span><\/span><\/div>\n<div class=\"ins-contact-form-field\"><input type=\"submit\" value=\"Send\" class=\"wpcf7-form-control has-spinner wpcf7-submit\" \/><\/div>\n<\/div>\n<div class=\"wpcf7-response-output\" aria-hidden=\"true\"><\/div><\/form><\/div>[\/vc_column_inner][vc_column_inner width=&#8221;1\/2&#8243;]\t\n\t \t \n\t<script type=\"text\/javascript\">\n\t\n\tjQuery(document).ready(function() {\n\t\n\t\t'use strict';\n\t\t\n\t\t\t\t\n\t\t\/\/ Map Coordination\n\t\t\n\t\tvar latlng = new google.maps.LatLng(40.719175,-74.0015925);\n\t\t\n\t\t\/\/ Map Options\n\n\t\tvar myOptions = {\n\t\t\tzoom: 14,\n\t\t\tcenter: latlng,\n\t\t\tmapTypeId: google.maps.MapTypeId.ROADMAP,\n\t\t\tdisableDefaultUI: false,\n\t\t\tmapTypeControl: false,\n\t\t\tscrollwheel: false,\n\t\t\tstyles: [{\"featureType\":\"water\",\"elementType\":\"geometry\",\"stylers\":[{\"color\":\"#e9e9e9\"},{\"lightness\":17}]},{\"featureType\":\"landscape\",\"elementType\":\"geometry\",\"stylers\":[{\"color\":\"#f5f5f5\"},{\"lightness\":20}]},{\"featureType\":\"road.highway\",\"elementType\":\"geometry.fill\",\"stylers\":[{\"color\":\"#ffffff\"},{\"lightness\":17}]},{\"featureType\":\"road.highway\",\"elementType\":\"geometry.stroke\",\"stylers\":[{\"color\":\"#ffffff\"},{\"lightness\":29},{\"weight\":0.2}]},{\"featureType\":\"road.arterial\",\"elementType\":\"geometry\",\"stylers\":[{\"color\":\"#ffffff\"},{\"lightness\":18}]},{\"featureType\":\"road.local\",\"elementType\":\"geometry\",\"stylers\":[{\"color\":\"#ffffff\"},{\"lightness\":16}]},{\"featureType\":\"poi\",\"elementType\":\"geometry\",\"stylers\":[{\"color\":\"#f5f5f5\"},{\"lightness\":21}]},{\"featureType\":\"poi.park\",\"elementType\":\"geometry\",\"stylers\":[{\"color\":\"#dedede\"},{\"lightness\":21}]},{\"elementType\":\"labels.text.stroke\",\"stylers\":[{\"visibility\":\"on\"},{\"color\":\"#ffffff\"},{\"lightness\":16}]},{\"elementType\":\"labels.text.fill\",\"stylers\":[{\"saturation\":36},{\"color\":\"#333333\"},{\"lightness\":40}]},{\"elementType\":\"labels.icon\",\"stylers\":[{\"visibility\":\"off\"}]},{\"featureType\":\"transit\",\"elementType\":\"geometry\",\"stylers\":[{\"color\":\"#f2f2f2\"},{\"lightness\":19}]},{\"featureType\":\"administrative\",\"elementType\":\"geometry.fill\",\"stylers\":[{\"color\":\"#fefefe\"},{\"lightness\":20}]},{\"featureType\":\"administrative\",\"elementType\":\"geometry.stroke\",\"stylers\":[{\"color\":\"#fefefe\"},{\"lightness\":17},{\"weight\":1.2}]}]\t\t};\n\n\t\tvar map = new google.maps.Map( document.getElementById('google-map-1465' ), myOptions);\n\t\t\n        var marker = new google.maps.Marker({\n          position: latlng,\n          map: map\n        });\n\n\t});\n\t\n\t<\/script>\n\t\n\t<div class=\"insignia-gmap map-skin-light hidden_info_panel  \" >\t\n\t\n\t<div id=\"google-map-1465\" style=\"height:400px;\"><\/div>\n\t    \n\t<\/div>\n\t[\/vc_column_inner][\/vc_row_inner][vc_empty_space height=&#8221;70px&#8221;][\/vc_column][\/vc_row][vc_row full_width=&#8221;stretch_row&#8221; equal_height=&#8221;yes&#8221; content_placement=&#8221;middle&#8221; disable_element=&#8221;yes&#8221; css=&#8221;.vc_custom_1641052111683{padding-top: 50px !important;padding-bottom: 50px !important;background-color: #074575 !important;}&#8221;][vc_column width=&#8221;3\/4&#8243; css=&#8221;.vc_custom_1543390331922{padding-top: 0px !important;}&#8221;][vc_custom_heading text=&#8221;Get Your Quote or Call: (0090) 987-444-123&#8243; font_container=&#8221;tag:h3|font_size:30px|text_align:left|color:%23ffffff&#8221; use_theme_fonts=&#8221;yes&#8221;][vc_custom_heading text=&#8221;Pellentesque habitant morbi tristique senectus habitant morbi.&#8221; font_container=&#8221;tag:p|font_size:16px|text_align:left|color:%23ffffff|line_height:28px&#8221; use_theme_fonts=&#8221;yes&#8221; el_class=&#8221;letter-spacing-1&#8243;][\/vc_column][vc_column width=&#8221;1\/4&#8243; css=&#8221;.vc_custom_1543390348434{padding-top: 0px !important;}&#8221;]<div id='ins-button-6a0596b35119d' class='ins-button-wrapper text-right 20px 20px  ins-animated zoomIn' data-animation-delay=200><a class='ins-button title-font letter-spacing-1 text-white pc-border pc-bg btn-radius-default font-weight-700 btn-medium text-uppercase ' href='#'  target='_self'><span>Contact us<\/span><\/a><\/div><script type=\"text\/javascript\">\n\t\t(function(jQuery) {jQuery(\"head\").append(\"<style>#ins-button-6a0596b35119d .ins-button:hover {background-color: #074575;}#ins-button-6a0596b35119d .ins-button:hover {border-color: #ffffff;}#ins-button-6a0596b35119d.ins-button-wrapper {margin-top: 20px;}#ins-button-6a0596b35119d.ins-button-wrapper {margin-bottom: 20px;}<\/style>\")\n\t\t\t\t\t})(jQuery);\n\t\t\t\t\t\t<\/script>[\/vc_column][\/vc_row]<\/p>\n","protected":false},"excerpt":{"rendered":"<p>[vc_row disable_element=&#8221;yes&#8221;][vc_column css=&#8221;.vc_custom_1545380913303{padding-top: 50px !important;padding-bottom: 60px !important;}&#8221;][vc_row_inner][vc_column_inner width=&#8221;1\/3&#8243;][\/vc_column_inner][vc_column_inner width=&#8221;1\/3&#8243;][\/vc_column_inner][vc_column_inner width=&#8221;1\/3&#8243;][\/vc_column_inner][\/vc_row_inner][\/vc_column][\/vc_row][vc_row][vc_column css=&#8221;.vc_custom_1545380913303{padding-top: 50px !important;padding-bottom: 60px !important;}&#8221;][vc_row_inner][vc_column_inner width=&#8221;1\/2&#8243; css=&#8221;.vc_custom_1651316854089{padding-top: 45px !important;}&#8221;][\/vc_column_inner][vc_column_inner width=&#8221;1\/2&#8243;][vc_column_text css=&#8221;.vc_custom_1653045638704{margin-bottom: 50px !important;}&#8221;]You can reach us by phone, email, or [&hellip;]<\/p>\n","protected":false},"author":1,"featured_media":0,"parent":0,"menu_order":0,"comment_status":"closed","ping_status":"closed","template":"","meta":[],"_links":{"self":[{"href":"https:\/\/mercanbiotech.com\/en\/wp-json\/wp\/v2\/pages\/15534"}],"collection":[{"href":"https:\/\/mercanbiotech.com\/en\/wp-json\/wp\/v2\/pages"}],"about":[{"href":"https:\/\/mercanbiotech.com\/en\/wp-json\/wp\/v2\/types\/page"}],"author":[{"embeddable":true,"href":"https:\/\/mercanbiotech.com\/en\/wp-json\/wp\/v2\/users\/1"}],"replies":[{"embeddable":true,"href":"https:\/\/mercanbiotech.com\/en\/wp-json\/wp\/v2\/comments?post=15534"}],"version-history":[{"count":3,"href":"https:\/\/mercanbiotech.com\/en\/wp-json\/wp\/v2\/pages\/15534\/revisions"}],"predecessor-version":[{"id":15537,"href":"https:\/\/mercanbiotech.com\/en\/wp-json\/wp\/v2\/pages\/15534\/revisions\/15537"}],"wp:attachment":[{"href":"https:\/\/mercanbiotech.com\/en\/wp-json\/wp\/v2\/media?parent=15534"}],"curies":[{"name":"wp","href":"https:\/\/api.w.org\/{rel}","templated":true}]}}