{"id":15552,"date":"2022-01-13T17:49:30","date_gmt":"2022-01-13T14:49:30","guid":{"rendered":"https:\/\/mercanbiotech.com\/arge-sureclerimiz\/"},"modified":"2022-05-23T17:43:09","modified_gmt":"2022-05-23T14:43:09","slug":"rd","status":"publish","type":"page","link":"https:\/\/mercanbiotech.com\/en\/rd\/","title":{"rendered":"R&#038;D"},"content":{"rendered":"<p>[vc_row full_width=&#8221;stretch_row&#8221; css=&#8221;.vc_custom_1545397089232{background-color: #f3f7f9 !important;}&#8221;][vc_column css=&#8221;.vc_custom_1545397352175{padding-top: 50px !important;}&#8221;][vc_row_inner disable_element=&#8221;yes&#8221;][vc_column_inner width=&#8221;1\/6&#8243;][\/vc_column_inner][vc_column_inner width=&#8221;2\/3&#8243;]<div id='ins-heading-69e5f8e2ca937' class='section-heading ins-heading text-center default    '  style='margin-top:0; margin-bottom:0'><h3 class='section-heading-title margin-10px-top  default '>Explore Our Main Services<\/h3><\/div><script type=\"text\/javascript\">\n\t\t(function(jQuery) {\n\t\t\t\t\t})(jQuery);\n\t\t\t\t\t\t<\/script>[vc_column_text]<\/p>\n<p class=\"text-center text-medium\">On the other hand we denounce with righteous indignation and dislike men who are so beguiled and demoralized by the pleasure of the desire that they cannot foresee.<\/p>\n<p>[\/vc_column_text][\/vc_column_inner][vc_column_inner width=&#8221;1\/6&#8243;][\/vc_column_inner][\/vc_row_inner][vc_row_inner gap=&#8221;20&#8243; disable_element=&#8221;yes&#8221;][vc_column_inner width=&#8221;1\/3&#8243;]<div id='ins-image-box69e5f8e2ca9e8' class='ins-image-box-wrapper ins-image-box-style-1 text-center   ' ><div class='ins-image-box-inner'><div class='ins-image-box-img text-center'><a class='ins-image-box-img-link' href='#' target='_self'><img src='https:\/\/mercanbiotech.com\/wp-content\/uploads\/2018\/12\/lab-service-1.jpg' alt='image-box'><\/a><\/div><div class='ins-image-content-wrapper last-paragraph-no-margin'><div class='ins-image-box-content-inner'><div class='ins-image-box-title margin-10px-bottom'><h6 class='ins-image-box-title-inner letter-spacing-05 title-font font-weight-500 display-block margin-0px-bottom  text-large font-weight-600'><span class='ins-image-box-number'><\/span> Pathology Testing<\/h6><\/div><p class='ins-image-box-text '>Lorem ipsum dolor sit amet, consectetur adipiscing elit, sed do eiusmod tempor ut labore et dolore magna aliqua.<\/p><div class='ins-icon-box-btn-wrap margin-15px-top'><a class='ins-image-box-btn  title-font pc' href='#' target='_self'>Detayl\u0131 Bilgi<\/a><\/div><\/div><\/div><\/div><\/div><script type=\"text\/javascript\">\n\t\t(function(jQuery) {jQuery(\"head\").append(\"<style>#ins-image-box69e5f8e2ca9e8 .ins-image-box-title-inner {color: #074575;}<\/style>\")\n\t\t\t\t\t})(jQuery);\n\t\t\t\t\t\t<\/script>[\/vc_column_inner][vc_column_inner width=&#8221;1\/3&#8243;]<div id='ins-image-box69e5f8e2cb5b2' class='ins-image-box-wrapper ins-image-box-style-1 text-center   ' ><div class='ins-image-box-inner'><div class='ins-image-box-img text-center'><a class='ins-image-box-img-link' href='#' target='_self'><img src='https:\/\/mercanbiotech.com\/wp-content\/uploads\/2018\/12\/lab-service-3.jpg' alt='image-box'><\/a><\/div><div class='ins-image-content-wrapper last-paragraph-no-margin'><div class='ins-image-box-content-inner'><div class='ins-image-box-title margin-10px-bottom'><h6 class='ins-image-box-title-inner letter-spacing-05 title-font font-weight-500 display-block margin-0px-bottom  text-large font-weight-600'><span class='ins-image-box-number'><\/span> \u00dcr\u00fcn Geli\u015ftirme, Form\u00fcl iyile\u015ftirme,Laboratuvar \u00d6l\u00e7ekli \u00fcretim,Pilot \u00fcretim,Stabilite Kontrol,Proses hakimiyeti<\/h6><\/div><p class='ins-image-box-text '>Lorem ipsum dolor sit amet, consectetur adipiscing elit, sed do eiusmod tempor ut labore et dolore magna aliqua.<\/p><div class='ins-icon-box-btn-wrap margin-15px-top'><a class='ins-image-box-btn  title-font pc' href='#' target='_self'>Detayl\u0131 Bilgi<\/a><\/div><\/div><\/div><\/div><\/div><script type=\"text\/javascript\">\n\t\t(function(jQuery) {jQuery(\"head\").append(\"<style>#ins-image-box69e5f8e2cb5b2 .ins-image-box-title-inner {color: #074575;}<\/style>\")\n\t\t\t\t\t})(jQuery);\n\t\t\t\t\t\t<\/script>[\/vc_column_inner][vc_column_inner width=&#8221;1\/3&#8243;]<div id='ins-image-box69e5f8e2cba01' class='ins-image-box-wrapper ins-image-box-style-1 text-center   ' ><div class='ins-image-box-inner'><div class='ins-image-box-img text-center'><a class='ins-image-box-img-link' href='#' target='_self'><img src='https:\/\/mercanbiotech.com\/wp-content\/uploads\/2018\/12\/lab-service-2.jpg' alt='image-box'><\/a><\/div><div class='ins-image-content-wrapper last-paragraph-no-margin'><div class='ins-image-box-content-inner'><div class='ins-image-box-title margin-10px-bottom'><h6 class='ins-image-box-title-inner letter-spacing-05 title-font font-weight-500 display-block margin-0px-bottom  text-large font-weight-600'><span class='ins-image-box-number'><\/span> Advanced Microscopy<\/h6><\/div><p class='ins-image-box-text '>Lorem ipsum dolor sit amet, consectetur adipiscing elit, sed do eiusmod tempor ut labore et dolore magna aliqua.<\/p><div class='ins-icon-box-btn-wrap margin-15px-top'><a class='ins-image-box-btn  title-font pc' href='#' target='_self'>Detayl\u0131 Bilgi<\/a><\/div><\/div><\/div><\/div><\/div><script type=\"text\/javascript\">\n\t\t(function(jQuery) {jQuery(\"head\").append(\"<style>#ins-image-box69e5f8e2cba01 .ins-image-box-title-inner {color: #074575;}<\/style>\")\n\t\t\t\t\t})(jQuery);\n\t\t\t\t\t\t<\/script>[\/vc_column_inner][\/vc_row_inner][vc_row_inner gap=&#8221;20&#8243; disable_element=&#8221;yes&#8221;][vc_column_inner width=&#8221;1\/3&#8243;]<div id='ins-image-box69e5f8e2cbe93' class='ins-image-box-wrapper ins-image-box-style-1 text-center   ' ><div class='ins-image-box-inner'><div class='ins-image-box-img text-center'><a class='ins-image-box-img-link' href='#' target='_self'><img src='https:\/\/mercanbiotech.com\/wp-content\/uploads\/2018\/12\/lab-research-8.jpg' alt='image-box'><\/a><\/div><div class='ins-image-content-wrapper last-paragraph-no-margin'><div class='ins-image-box-content-inner'><div class='ins-image-box-title margin-10px-bottom'><h6 class='ins-image-box-title-inner letter-spacing-05 title-font font-weight-500 display-block margin-0px-bottom  text-large font-weight-600'><span class='ins-image-box-number'><\/span> Healthcare Labs<\/h6><\/div><p class='ins-image-box-text '>Lorem ipsum dolor sit amet, consectetur adipiscing elit, sed do eiusmod tempor ut labore et dolore magna aliqua.<\/p><div class='ins-icon-box-btn-wrap margin-15px-top'><a class='ins-image-box-btn  title-font pc' href='#' target='_self'>Read More<\/a><\/div><\/div><\/div><\/div><\/div><script type=\"text\/javascript\">\n\t\t(function(jQuery) {jQuery(\"head\").append(\"<style>#ins-image-box69e5f8e2cbe93 .ins-image-box-title-inner {color: #074575;}<\/style>\")\n\t\t\t\t\t})(jQuery);\n\t\t\t\t\t\t<\/script>[\/vc_column_inner][vc_column_inner width=&#8221;1\/3&#8243;]<div id='ins-image-box69e5f8e2cc4f8' class='ins-image-box-wrapper ins-image-box-style-1 text-center   ' ><div class='ins-image-box-inner'><div class='ins-image-box-img text-center'><a class='ins-image-box-img-link' href='#' target='_self'><img src='https:\/\/mercanbiotech.com\/wp-content\/uploads\/2018\/12\/lab-research-3.jpg' alt='image-box'><\/a><\/div><div class='ins-image-content-wrapper last-paragraph-no-margin'><div class='ins-image-box-content-inner'><div class='ins-image-box-title margin-10px-bottom'><h6 class='ins-image-box-title-inner letter-spacing-05 title-font font-weight-500 display-block margin-0px-bottom  text-large font-weight-600'><span class='ins-image-box-number'><\/span> Environmental Testing<\/h6><\/div><p class='ins-image-box-text '>Lorem ipsum dolor sit amet, consectetur adipiscing elit, sed do eiusmod tempor ut labore et dolore magna aliqua.<\/p><div class='ins-icon-box-btn-wrap margin-15px-top'><a class='ins-image-box-btn  title-font pc' href='#' target='_self'>Read More<\/a><\/div><\/div><\/div><\/div><\/div><script type=\"text\/javascript\">\n\t\t(function(jQuery) {jQuery(\"head\").append(\"<style>#ins-image-box69e5f8e2cc4f8 .ins-image-box-title-inner {color: #074575;}<\/style>\")\n\t\t\t\t\t})(jQuery);\n\t\t\t\t\t\t<\/script>[\/vc_column_inner][vc_column_inner width=&#8221;1\/3&#8243;]<div id='ins-image-box69e5f8e2cd7f9' class='ins-image-box-wrapper ins-image-box-style-1 text-center   ' ><div class='ins-image-box-inner'><div class='ins-image-box-img text-center'><a class='ins-image-box-img-link' href='#' target='_self'><img src='' alt='image-box'><\/a><\/div><div class='ins-image-content-wrapper last-paragraph-no-margin'><div class='ins-image-box-content-inner'><div class='ins-image-box-title margin-10px-bottom'><h6 class='ins-image-box-title-inner letter-spacing-05 title-font font-weight-500 display-block margin-0px-bottom  text-large font-weight-600'><span class='ins-image-box-number'><\/span> Sample Preparation<\/h6><\/div><p class='ins-image-box-text '>Lorem ipsum dolor sit amet, consectetur adipiscing elit, sed do eiusmod tempor ut labore et dolore magna aliqua.<\/p><div class='ins-icon-box-btn-wrap margin-15px-top'><a class='ins-image-box-btn  title-font pc' href='#' target='_self'>Read More<\/a><\/div><\/div><\/div><\/div><\/div><script type=\"text\/javascript\">\n\t\t(function(jQuery) {jQuery(\"head\").append(\"<style>#ins-image-box69e5f8e2cd7f9 .ins-image-box-title-inner {color: #074575;}<\/style>\")\n\t\t\t\t\t})(jQuery);\n\t\t\t\t\t\t<\/script>[\/vc_column_inner][\/vc_row_inner][\/vc_column][\/vc_row][vc_row css=&#8221;.vc_custom_1651343771141{padding-bottom: 90px !important;background-position: center !important;background-repeat: no-repeat !important;background-size: cover !important;}&#8221;][vc_column width=&#8221;1\/2&#8243; css=&#8221;.vc_custom_1543909744753{padding-top: 80px !important;padding-right: 100px !important;padding-bottom: 50px !important;background-color: #ffffff !important;}&#8221;][vc_row_inner][vc_column_inner]<div id='ins-heading-69e5f8e2cda1a' class='section-heading ins-heading text-left default    '  style='margin-top:0; margin-bottom:15px'><h3 class='section-heading-title margin-10px-top  default '>Our R-D Processes<\/h3><\/div><script type=\"text\/javascript\">\n\t\t(function(jQuery) {jQuery(\"head\").append(\"<style>#ins-heading-69e5f8e2cda1a h3 {color: #011b4b;}<\/style>\")\n\t\t\t\t\t})(jQuery);\n\t\t\t\t\t\t<\/script>[vc_column_text css=&#8221;.vc_custom_1653316817392{margin-bottom: 45px !important;}&#8221;]<\/p>\n<p class=\"text-medium\" style=\"text-align: justify;\">The heart of our production facility is undoubtedly our R&amp;D center, where we develop nutritional supplements, namely over-the-counter (OTC) products such as vitamins and minerals.<\/p>\n<p class=\"text-medium\" style=\"text-align: justify;\">Embracing the functional medicine approach and prioritizing human health, we ensure to employ state-of-the-art technologies.<\/p>\n<p class=\"text-medium\" style=\"text-align: justify;\">We use imported raw materials whose purity and reliability are verified by German laboratories.<\/p>\n<p class=\"text-medium\" style=\"text-align: justify;\">Our continuous research aims to combine the purest formulas with the softest flavors to mask any unpalatable medicine taste or smell.<\/p>\n<p>[\/vc_column_text][vc_column_text css=&#8221;.vc_custom_1653316828010{margin-bottom: 45px !important;}&#8221;]<\/p>\n<p class=\"text-medium\" style=\"text-align: justify;\">Our Advisory Board consists of specialty doctors, specialty pharmacists, and dietitians, and they strive to put the latest advice or practices included in the literature into practice with the help of our technical team. We are proud of and encouraged by the positive patient and client feedback we receive.<\/p>\n<p>[\/vc_column_text][\/vc_column_inner][\/vc_row_inner][\/vc_column][vc_column width=&#8221;1\/2&#8243;][vc_single_image image=&#8221;15525&#8243; img_size=&#8221;full&#8221;][vc_column_text css=&#8221;.vc_custom_1653316841392{margin-bottom: 45px !important;}&#8221;]It is time to fully exploit the benefits of \u201cPure Science.\u201d<\/p>\n<p>Our R&amp;D department is the driving force of our company and focuses on clear solutions.[\/vc_column_text]<div id='ins-list-icon-69e5f8e2cdaa7' class='ins-simple-icon-list margin-20px-bottom ins-icon-list-simple list-icon-medium select   ins-animated fadeInUp' data-animation-delay=200><ul class='ins-simple-icon-list-inner list-style-none no-padding'><li class='ins-list-style margin-15px-bottom position-relative'><i class='ins-icon-list-icon margin-10px-right display-inline-block position-absolute left-0 fa fa-angle-right'><\/i> Product Development<\/li><li class='ins-list-style margin-15px-bottom position-relative'><i class='ins-icon-list-icon margin-10px-right display-inline-block position-absolute left-0 fa fa-angle-right'><\/i> Formula Improvement<\/li><li class='ins-list-style margin-15px-bottom position-relative'><i class='ins-icon-list-icon margin-10px-right display-inline-block position-absolute left-0 fa fa-angle-right'><\/i> Laboratory-Scale Production<\/li><li class='ins-list-style margin-15px-bottom position-relative'><i class='ins-icon-list-icon margin-10px-right display-inline-block position-absolute left-0 fa fa-angle-right'><\/i> Pilot-Scale Production<\/li><li class='ins-list-style margin-15px-bottom position-relative'><i class='ins-icon-list-icon margin-10px-right display-inline-block position-absolute left-0 fa fa-angle-right'><\/i> Stability Check<\/li><li class='ins-list-style margin-15px-bottom position-relative'><i class='ins-icon-list-icon margin-10px-right display-inline-block position-absolute left-0 fa fa-angle-right'><\/i> Process Control<\/li><\/ul><\/div><script type=\"text\/javascript\">\n\t\t(function(jQuery) {\n\t\t\t\t\t})(jQuery);\n\t\t\t\t\t\t<\/script>[\/vc_column][\/vc_row][vc_row disable_element=&#8221;yes&#8221;][vc_column][vc_row_inner][vc_column_inner width=&#8221;1\/6&#8243;][\/vc_column_inner][vc_column_inner width=&#8221;2\/3&#8243;]<div id='ins-heading-69e5f8e2cdaff' class='section-heading ins-heading text-center default    '  style='margin-top:0; margin-bottom:0'><h3 class='section-heading-title margin-10px-top  default '>About Laboratory<\/h3><\/div><script type=\"text\/javascript\">\n\t\t(function(jQuery) {\n\t\t\t\t\t})(jQuery);\n\t\t\t\t\t\t<\/script>[vc_column_text]<\/p>\n<p class=\"text-center text-medium\">On the other hand we denounce with righteous indignation and dislike men who are so beguiled and demoralized by the pleasure of the desire that they cannot foresee.<\/p>\n<p>[\/vc_column_text][\/vc_column_inner][vc_column_inner width=&#8221;1\/6&#8243;][\/vc_column_inner][\/vc_row_inner][vc_empty_space height=&#8221;30px&#8221;][vc_row_inner gap=&#8221;10&#8243;][vc_column_inner width=&#8221;1\/4&#8243;]<div id=\"counter-69e5f8e2cdb59\" class=\"ins-counter-element text-left   counter-with-icon default   \"  data-perc=\"350\"><div class=\"ins-counter-icon margin-10px-bottom\"><i class=\"iconsmind-Medal-3\"><\/i><\/div><div class=\"ins-counter-content\"><div class=\"ins-counter ins-counter-number title-font margin-10px-bottom font-weight-600\">350<\/div><div class=\"ins-counter-title margin-15px-bottom title-font text-transform-none font-weight-600 letter-spacing-1\">Award Shows<\/div><p class='ins-counter-box-text'>Lorem ipsum dolor sit amet, sed eiusmod tempor incididunt ut labore et aliqua.<\/p><\/div><\/div><script type=\"text\/javascript\">\n\t\t(function(jQuery) {jQuery(\"head\").append(\"<style>#counter-69e5f8e2cdb59 .ins-counter-number{font-size: 60px; line-height: 65px;}#counter-69e5f8e2cdb59 .ins-counter-title{font-size: 20px; line-height: 25px;}#counter-69e5f8e2cdb59 .ins-counter-icon{font-size: 55px; line-height: 60px;}#counter-69e5f8e2cdb59 .ins-counter-number{color: #07a7e3;}#counter-69e5f8e2cdb59 .ins-counter-title{color: #074575;}#counter-69e5f8e2cdb59 .ins-counter-icon{color: #074575; }<\/style>\")\n\t\t\t\t\t})(jQuery);\n\t\t\t\t\t\t<\/script>[\/vc_column_inner][vc_column_inner width=&#8221;1\/4&#8243;]<div id=\"counter-69e5f8e2cdbb8\" class=\"ins-counter-element text-left   counter-with-icon default   \"  data-perc=\"500\"><div class=\"ins-counter-icon margin-10px-bottom\"><i class=\"iconsmind-Add-User\"><\/i><\/div><div class=\"ins-counter-content\"><div class=\"ins-counter ins-counter-number title-font margin-10px-bottom font-weight-600\">500<\/div><div class=\"ins-counter-title margin-15px-bottom title-font text-transform-none font-weight-600 letter-spacing-1\">Team Members<\/div><p class='ins-counter-box-text'>Lorem ipsum dolor sit amet, sed eiusmod tempor incididunt ut labore et aliqua.<\/p><\/div><\/div><script type=\"text\/javascript\">\n\t\t(function(jQuery) {jQuery(\"head\").append(\"<style>#counter-69e5f8e2cdbb8 .ins-counter-number{font-size: 60px; line-height: 65px;}#counter-69e5f8e2cdbb8 .ins-counter-title{font-size: 20px; line-height: 25px;}#counter-69e5f8e2cdbb8 .ins-counter-icon{font-size: 55px; line-height: 60px;}#counter-69e5f8e2cdbb8 .ins-counter-number{color: #07a7e3;}#counter-69e5f8e2cdbb8 .ins-counter-title{color: #074575;}#counter-69e5f8e2cdbb8 .ins-counter-icon{color: #074575; }<\/style>\")\n\t\t\t\t\t})(jQuery);\n\t\t\t\t\t\t<\/script>[\/vc_column_inner][vc_column_inner width=&#8221;1\/4&#8243;]<div id=\"counter-69e5f8e2cdc0f\" class=\"ins-counter-element text-left   counter-with-icon default   \"  data-perc=\"450\"><div class=\"ins-counter-icon margin-10px-bottom\"><i class=\"iconsmind-Chemical\"><\/i><\/div><div class=\"ins-counter-content\"><div class=\"ins-counter ins-counter-number title-font margin-10px-bottom font-weight-600\">450<\/div><div class=\"ins-counter-title margin-15px-bottom title-font text-transform-none font-weight-600 letter-spacing-1\">Suppliers<\/div><p class='ins-counter-box-text'>Lorem ipsum dolor sit amet, sed eiusmod tempor incididunt ut labore et aliqua.<\/p><\/div><\/div><script type=\"text\/javascript\">\n\t\t(function(jQuery) {jQuery(\"head\").append(\"<style>#counter-69e5f8e2cdc0f .ins-counter-number{font-size: 60px; line-height: 65px;}#counter-69e5f8e2cdc0f .ins-counter-title{font-size: 20px; line-height: 25px;}#counter-69e5f8e2cdc0f .ins-counter-icon{font-size: 55px; line-height: 60px;}#counter-69e5f8e2cdc0f .ins-counter-number{color: #07a7e3;}#counter-69e5f8e2cdc0f .ins-counter-title{color: #074575;}#counter-69e5f8e2cdc0f .ins-counter-icon{color: #074575; }<\/style>\")\n\t\t\t\t\t})(jQuery);\n\t\t\t\t\t\t<\/script>[\/vc_column_inner][vc_column_inner width=&#8221;1\/4&#8243;]<div id=\"counter-69e5f8e2cdc63\" class=\"ins-counter-element text-left   counter-with-icon default   \"  data-perc=\"40\"><div class=\"ins-counter-icon margin-10px-bottom\"><i class=\"iconsmind-Target\"><\/i><\/div><div class=\"ins-counter-content\"><div class=\"ins-counter ins-counter-number title-font margin-10px-bottom font-weight-600\">40<\/div><div class=\"ins-counter-title margin-15px-bottom title-font text-transform-none font-weight-600 letter-spacing-1\">Years of Experience<\/div><p class='ins-counter-box-text'>Lorem ipsum dolor sit amet, sed eiusmod tempor incididunt ut labore et aliqua.<\/p><\/div><\/div><script type=\"text\/javascript\">\n\t\t(function(jQuery) {jQuery(\"head\").append(\"<style>#counter-69e5f8e2cdc63 .ins-counter-number{font-size: 60px; line-height: 65px;}#counter-69e5f8e2cdc63 .ins-counter-title{font-size: 20px; line-height: 25px;}#counter-69e5f8e2cdc63 .ins-counter-icon{font-size: 55px; line-height: 60px;}#counter-69e5f8e2cdc63 .ins-counter-number{color: #07a7e3;}#counter-69e5f8e2cdc63 .ins-counter-title{color: #074575;}#counter-69e5f8e2cdc63 .ins-counter-icon{color: #074575; }<\/style>\")\n\t\t\t\t\t})(jQuery);\n\t\t\t\t\t\t<\/script>[\/vc_column_inner][\/vc_row_inner][vc_empty_space height=&#8221;100px&#8221;][\/vc_column][\/vc_row][vc_row full_width=&#8221;stretch_row&#8221; disable_element=&#8221;yes&#8221; color_scheme=&#8221;white&#8221; bg_overlay=&#8221;dark10&#8243; css=&#8221;.vc_custom_1642079547378{padding-top: 80px !important;padding-bottom: 100px !important;background-image: url(https:\/\/insigniathemes.com\/clariwell\/inner-pages\/wp-content\/uploads\/sites\/9\/2018\/12\/clariwell-blue-bg.jpg?id=14650) !important;background-position: center !important;background-repeat: no-repeat !important;background-size: cover !important;}&#8221;][vc_column width=&#8221;1\/6&#8243;][\/vc_column][vc_column width=&#8221;2\/3&#8243;]<div id='ins-icon-69e5f8e2cdcc7' class='ins-icon-wrapper last-paragraph-no-margin margin-20px-bottom   text-center ' ><div class='ins-icon-box-icon margin-20px-bottom ins-top-icon-basic icon-large'><i class='iconsmind-Paper-Plane'><\/i><\/div><div class='ins-icon-box-content'><\/div><\/div><script type=\"text\/javascript\">\n\t\t(function(jQuery) {jQuery(\"head\").append(\"<style>#ins-icon-69e5f8e2cdcc7 .ins-icon-box-icon i, #ins-icon-69e5f8e2cdcc7 .ins-float-icon-inner i, #ins-icon-69e5f8e2cdcc7 .ins-float-right-icon-inner i {color: #07a7e3;}<\/style>\")\n\t\t\t\t\t})(jQuery);\n\t\t\t\t\t\t<\/script>[vc_column_text css=&#8221;.vc_custom_1545208439572{margin-bottom: 20px !important;}&#8221;]<\/p>\n<h3 class=\"text-center\">Subscribe To Newsletter<\/h3>\n<p>[\/vc_column_text][vc_column_text css=&#8221;.vc_custom_1545208448238{padding-right: 10% !important;padding-left: 10% !important;}&#8221;]<\/p>\n<p class=\"text-center text-medium\">Subscribe to our newsletter to receive news, cool free stuff updates and new released products (no spam!)<\/p>\n<p>[\/vc_column_text][contact-form-7 404 \"Not Found\"][\/vc_column][vc_column width=&#8221;1\/6&#8243;][\/vc_column][\/vc_row]<\/p>\n","protected":false},"excerpt":{"rendered":"<p>[vc_row full_width=&#8221;stretch_row&#8221; css=&#8221;.vc_custom_1545397089232{background-color: #f3f7f9 !important;}&#8221;][vc_column css=&#8221;.vc_custom_1545397352175{padding-top: 50px !important;}&#8221;][vc_row_inner disable_element=&#8221;yes&#8221;][vc_column_inner width=&#8221;1\/6&#8243;][\/vc_column_inner][vc_column_inner width=&#8221;2\/3&#8243;][vc_column_text] On the other hand we denounce with righteous indignation and dislike men who are so beguiled and demoralized by [&hellip;]<\/p>\n","protected":false},"author":1,"featured_media":0,"parent":0,"menu_order":0,"comment_status":"closed","ping_status":"closed","template":"","meta":[],"_links":{"self":[{"href":"https:\/\/mercanbiotech.com\/en\/wp-json\/wp\/v2\/pages\/15552"}],"collection":[{"href":"https:\/\/mercanbiotech.com\/en\/wp-json\/wp\/v2\/pages"}],"about":[{"href":"https:\/\/mercanbiotech.com\/en\/wp-json\/wp\/v2\/types\/page"}],"author":[{"embeddable":true,"href":"https:\/\/mercanbiotech.com\/en\/wp-json\/wp\/v2\/users\/1"}],"replies":[{"embeddable":true,"href":"https:\/\/mercanbiotech.com\/en\/wp-json\/wp\/v2\/comments?post=15552"}],"version-history":[{"count":5,"href":"https:\/\/mercanbiotech.com\/en\/wp-json\/wp\/v2\/pages\/15552\/revisions"}],"predecessor-version":[{"id":15609,"href":"https:\/\/mercanbiotech.com\/en\/wp-json\/wp\/v2\/pages\/15552\/revisions\/15609"}],"wp:attachment":[{"href":"https:\/\/mercanbiotech.com\/en\/wp-json\/wp\/v2\/media?parent=15552"}],"curies":[{"name":"wp","href":"https:\/\/api.w.org\/{rel}","templated":true}]}}