{"id":15559,"date":"2018-12-04T10:49:38","date_gmt":"2018-12-04T07:49:38","guid":{"rendered":"https:\/\/mercanbiotech.com\/yaklasimimiz\/"},"modified":"2022-05-20T17:48:24","modified_gmt":"2022-05-20T14:48:24","slug":"our-perspective","status":"publish","type":"page","link":"https:\/\/mercanbiotech.com\/en\/our-perspective\/","title":{"rendered":"Our Perspective"},"content":{"rendered":"<p>[vc_row][vc_column width=&#8221;2\/3&#8243; css=&#8221;.vc_custom_1543924365737{padding-right: 25px !important;padding-left: 25px !important;}&#8221;]<div id='ins-heading-69e9d814ac892' class='section-heading ins-heading text-left default    '  style='margin-top:0; margin-bottom:20px'><h4 class='section-heading-title margin-10px-top  default '>\u201cScience\u201d at the Heart of Our Business!<\/h4><\/div><script type=\"text\/javascript\">\n\t\t(function(jQuery) {jQuery(\"head\").append(\"<style>#ins-heading-69e9d814ac892 h4 {color: #011b4b;}<\/style>\")\n\t\t\t\t\t})(jQuery);\n\t\t\t\t\t\t<\/script>[vc_single_image image=&#8221;15486&#8243; img_size=&#8221;full&#8221;]<div id='ins-heading-69e9d814ac940' class='section-heading ins-heading text-left default    '  style='margin-top:0; margin-bottom:20px'><h4 class='section-heading-title margin-10px-top  default '>Patient-Oriented<\/h4><\/div><script type=\"text\/javascript\">\n\t\t(function(jQuery) {jQuery(\"head\").append(\"<style>#ins-heading-69e9d814ac940 h4 {color: #011b4b;}<\/style>\")\n\t\t\t\t\t})(jQuery);\n\t\t\t\t\t\t<\/script>[vc_column_text]Diseases can be caused by genetics, biochemicals, or lifestyle. Clinical studies report that common products prescribed based on symptoms inflict different results in each patient.<\/p>\n<p style=\"text-align: justify;\">At Mercan Biotech, we strive to resolve the underlying issue causing the disease and symptoms. We reflect our scientific perspective through a patient-oriented approach.<\/p>\n<p>[\/vc_column_text][vc_separator color=&#8221;custom&#8221; accent_color=&#8221;#eaeaea&#8221;]<div id='ins-heading-69e9d814ac9ba' class='section-heading ins-heading text-left default    '  style='margin-top:0; margin-bottom:20px'><h4 class='section-heading-title margin-10px-top  default '>Personalized<\/h4><\/div><script type=\"text\/javascript\">\n\t\t(function(jQuery) {jQuery(\"head\").append(\"<style>#ins-heading-69e9d814ac9ba h4 {color: #011b4b;}<\/style>\")\n\t\t\t\t\t})(jQuery);\n\t\t\t\t\t\t<\/script>[vc_column_text]In Turkey<\/p>\n<ul>\n<li>One in every six people suffers from diabetes,<\/li>\n<li>Seven out of every 10 women suffer from osteoporosis past the age of 40,<\/li>\n<li>Six out of every 10 people suffer from atherosclerosis,<\/li>\n<li>Five out of every 10 men suffer from prostate past the age of 45,<\/li>\n<li>and three out of every 10 women suffer from thyroid diseases.<\/li>\n<\/ul>\n<p>[\/vc_column_text][vc_column_text]Our CLINIQUE series offers personalized solutions tailored to each patient\u2019s needs.[\/vc_column_text][vc_row_inner gap=&#8221;20&#8243; disable_element=&#8221;yes&#8221;][vc_column_inner width=&#8221;1\/2&#8243; css=&#8221;.vc_custom_1543929590250{margin-bottom: 20px !important;}&#8221;]<div class=\"ins-flipbox vc-hoverbox-wrapper vc-hoverbox-direction--default   \"  >\n\t  <div class=\"vc-hoverbox\">\n\t    <div class=\"vc-hoverbox-inner text-center\">\n\t      <div class=\"ins-flipbox-front vc-hoverbox-block vc-hoverbox-front color-scheme-white no-border\"  style=\"background-color: transparent;background-image: url(https:\/\/mercanbiotech.com\/wp-content\/uploads\/2018\/12\/lab-research-3.jpg);\">\n\t        <div class=\"vc-hoverbox-block-inner vc-hoverbox-front-inner\">\n   \n   <h5 class=\"flipbox-front-title margin-10px-top padding-10px-bottom\"><\/h5>\n   \n    <\/div>\n\t      <\/div>\n\t      <div class=\"ensign-flipbox-hover vc-hoverbox-block vc-hoverbox-back  color-scheme-white\"  style=\"background-color:#074575;\">\n\t        <div class=\"vc-hoverbox-block-inner vc-hoverbox-back-inner\">\n                    \n\t            <h5 class=\"flipbox-hover-title padding-10px-bottom\"><\/h5>\n\t            Lorem ipsum dolor sit amet, consectetur adipiscing elit, sed do eiusmod tempor incididunt ut labore et dolore magna aliqua. Ut enim ad minim veniam.\n\t            \n\t        <\/div>\n\t      <\/div>\n\t    <\/div>\n\t  <\/div>\n\t<\/div><div id='ins-heading-69e9d814ad114' class='section-heading ins-heading text-center default    '  style='margin-top:15px; margin-bottom:0'><h5 class='section-heading-title margin-10px-top  default '>Hasta Merkezli<\/h5><\/div><script type=\"text\/javascript\">\n\t\t(function(jQuery) {\n\t\t\t\t\t})(jQuery);\n\t\t\t\t\t\t<\/script>[\/vc_column_inner][vc_column_inner width=&#8221;1\/2&#8243; css=&#8221;.vc_custom_1543929597514{margin-bottom: 20px !important;}&#8221;]<div class=\"ins-flipbox vc-hoverbox-wrapper vc-hoverbox-direction--default   \"  >\n\t  <div class=\"vc-hoverbox\">\n\t    <div class=\"vc-hoverbox-inner text-center\">\n\t      <div class=\"ins-flipbox-front vc-hoverbox-block vc-hoverbox-front color-scheme-white no-border\"  style=\"background-color: transparent;background-image: url(https:\/\/mercanbiotech.com\/wp-content\/uploads\/2018\/12\/lab-research-8.jpg);\">\n\t        <div class=\"vc-hoverbox-block-inner vc-hoverbox-front-inner\">\n   \n   <h5 class=\"flipbox-front-title margin-10px-top padding-10px-bottom\"><\/h5>\n   \n    <\/div>\n\t      <\/div>\n\t      <div class=\"ensign-flipbox-hover vc-hoverbox-block vc-hoverbox-back  color-scheme-white\"  style=\"background-color:#074575;\">\n\t        <div class=\"vc-hoverbox-block-inner vc-hoverbox-back-inner\">\n                    \n\t            <h5 class=\"flipbox-hover-title padding-10px-bottom\"><\/h5>\n\t            Lorem ipsum dolor sit amet, consectetur adipiscing elit, sed do eiusmod tempor incididunt ut labore et dolore magna aliqua. Ut enim ad minim veniam.\n\t            \n\t        <\/div>\n\t      <\/div>\n\t    <\/div>\n\t  <\/div>\n\t<\/div><div id='ins-heading-69e9d814adb3c' class='section-heading ins-heading text-center default    '  style='margin-top:15px; margin-bottom:0'><h5 class='section-heading-title margin-10px-top  default '>Ki\u015fiselle\u015ftirilmi\u015f<\/h5><\/div><script type=\"text\/javascript\">\n\t\t(function(jQuery) {\n\t\t\t\t\t})(jQuery);\n\t\t\t\t\t\t<\/script>[\/vc_column_inner][\/vc_row_inner][vc_row_inner disable_element=&#8221;yes&#8221;][vc_column_inner][\/vc_column_inner][\/vc_row_inner][\/vc_column][vc_column width=&#8221;1\/3&#8243;][vc_row_inner][vc_column_inner]<div class=\"ins-custom-menu-wrapper  \"><ul id=\"menu-yanmenu\" class=\"menu\"><li id=\"menu-item-15349\" class=\"menu-item menu-item-type-post_type menu-item-object-page menu-item-15349\"><a href=\"https:\/\/mercanbiotech.com\/biz\/\">Who We Are<\/a><\/li>\n<li id=\"menu-item-15350\" class=\"menu-item menu-item-type-post_type menu-item-object-page menu-item-15350\"><a href=\"https:\/\/mercanbiotech.com\/yaklasimimiz\/\">Our Perspective<\/a><\/li>\n<li id=\"menu-item-15351\" class=\"menu-item menu-item-type-post_type menu-item-object-page menu-item-15351\"><a href=\"https:\/\/mercanbiotech.com\/sertifikalarimiz\/\">Our Certificates<\/a><\/li>\n<li id=\"menu-item-15352\" class=\"menu-item menu-item-type-post_type menu-item-object-page menu-item-15352\"><a href=\"https:\/\/mercanbiotech.com\/arge-sureclerimiz\/\">R&#038;D<\/a><\/li>\n<li id=\"menu-item-15353\" class=\"menu-item menu-item-type-post_type menu-item-object-page menu-item-15353\"><a href=\"https:\/\/mercanbiotech.com\/uretim\/\">Production<\/a><\/li>\n<li id=\"menu-item-15354\" class=\"menu-item menu-item-type-post_type menu-item-object-page menu-item-15354\"><a href=\"https:\/\/mercanbiotech.com\/private-label\/\">Private Label<\/a><\/li>\n<li id=\"menu-item-15355\" class=\"menu-item menu-item-type-post_type menu-item-object-page menu-item-15355\"><a href=\"https:\/\/mercanbiotech.com\/kariyer\/\">Career<\/a><\/li>\n<li id=\"menu-item-15356\" class=\"menu-item menu-item-type-post_type menu-item-object-page menu-item-15356\"><a href=\"https:\/\/mercanbiotech.com\/iletisim\/\">Contact<\/a><\/li>\n<\/ul><\/div>\r[vc_empty_space height=&#8221;30px&#8221;][\/vc_column_inner][\/vc_row_inner][vc_empty_space height=&#8221;50px&#8221;][vc_row_inner css=&#8221;.vc_custom_1543924340904{margin-right: 0px !important;margin-left: 0px !important;background-position: center !important;background-repeat: no-repeat !important;background-size: cover !important;}&#8221;][vc_column_inner css=&#8221;.vc_custom_1544189055502{padding-top: 25px !important;padding-right: 30px !important;padding-bottom: 35px !important;padding-left: 30px !important;background-color: #f3f7f9 !important;}&#8221;]<div id='ins-heading-69e9d814b5a15' class='section-heading ins-heading text-center default    '  style='margin-top:0; margin-bottom:15px'><h4 class='section-heading-title margin-10px-top  default '>\u0130leti\u015fim<\/h4><\/div><script type=\"text\/javascript\">\n\t\t(function(jQuery) {\n\t\t\t\t\t})(jQuery);\n\t\t\t\t\t\t<\/script><div role=\"form\" class=\"wpcf7\" id=\"wpcf7-f15597-o1\" lang=\"en-US\" dir=\"ltr\">\n<div class=\"screen-reader-response\"><p role=\"status\" aria-live=\"polite\" aria-atomic=\"true\"><\/p> <ul><\/ul><\/div>\n<form action=\"\/en\/wp-json\/wp\/v2\/pages\/15559#wpcf7-f15597-o1\" method=\"post\" class=\"wpcf7-form init\" novalidate=\"novalidate\" data-status=\"init\">\n<div style=\"display: none;\">\n<input type=\"hidden\" name=\"_wpcf7\" value=\"15597\" \/>\n<input type=\"hidden\" name=\"_wpcf7_version\" value=\"5.5.6.1\" \/>\n<input type=\"hidden\" name=\"_wpcf7_locale\" value=\"en_US\" \/>\n<input type=\"hidden\" name=\"_wpcf7_unit_tag\" value=\"wpcf7-f15597-o1\" \/>\n<input type=\"hidden\" name=\"_wpcf7_container_post\" value=\"0\" \/>\n<input type=\"hidden\" name=\"_wpcf7_posted_data_hash\" value=\"\" \/>\n<input type=\"hidden\" name=\"_wpcf7_recaptcha_response\" value=\"\" \/>\n<\/div>\n<div class=\"full-width-cf ins-contact-form\">\n<div class=\"ins-contact-form-field\"><span class=\"wpcf7-form-control-wrap your-name\"><input type=\"text\" name=\"your-name\" value=\"\" size=\"40\" class=\"wpcf7-form-control wpcf7-text wpcf7-validates-as-required\" aria-required=\"true\" aria-invalid=\"false\" placeholder=\"Full Name*\" \/><\/span><\/div>\n<div class=\"ins-contact-form-field\"><span class=\"wpcf7-form-control-wrap email\"><input type=\"email\" name=\"email\" value=\"\" size=\"40\" class=\"wpcf7-form-control wpcf7-text wpcf7-email wpcf7-validates-as-required wpcf7-validates-as-email\" aria-required=\"true\" aria-invalid=\"false\" placeholder=\"E-mail*\" \/><\/span><\/div>\n<div class=\"ins-contact-form-field\"><span class=\"wpcf7-form-control-wrap tel\"><input type=\"tel\" name=\"tel\" value=\"\" size=\"40\" class=\"wpcf7-form-control wpcf7-text wpcf7-tel wpcf7-validates-as-required wpcf7-validates-as-tel\" aria-required=\"true\" aria-invalid=\"false\" placeholder=\"Phone*\" \/><\/span><\/div>\n<div class=\"ins-contact-form-field\"><span class=\"wpcf7-form-control-wrap konu\"><input type=\"text\" name=\"konu\" value=\"\" size=\"40\" class=\"wpcf7-form-control wpcf7-text wpcf7-validates-as-required\" aria-required=\"true\" aria-invalid=\"false\" placeholder=\"Subject*\" \/><\/span> <\/div>\n<div class=\"ins-contact-form-field\"><span class=\"wpcf7-form-control-wrap your-message\"><textarea name=\"your-message\" cols=\"40\" rows=\"4\" class=\"wpcf7-form-control wpcf7-textarea wpcf7-validates-as-required\" aria-required=\"true\" aria-invalid=\"false\" placeholder=\"Your Messages*\"><\/textarea><\/span><\/div>\n<div class=\"ins-contact-form-acceptance margin-15px-bottom\"><span class=\"wpcf7-form-control-wrap your-consent\"><span class=\"wpcf7-form-control wpcf7-acceptance\"><span class=\"wpcf7-list-item\"><label><input type=\"checkbox\" name=\"your-consent\" value=\"1\" aria-invalid=\"false\" \/><span class=\"wpcf7-list-item-label\">I agree to be contacted through the information I have provided.<\/span><\/label><\/span><\/span><\/span><\/div>\n<div class=\"ins-contact-form-field\"><input type=\"submit\" value=\"Send\" class=\"wpcf7-form-control has-spinner wpcf7-submit\" \/><\/div>\n<\/div>\n<div class=\"wpcf7-response-output\" aria-hidden=\"true\"><\/div><\/form><\/div>[\/vc_column_inner][\/vc_row_inner][vc_empty_space height=&#8221;50px&#8221;][\/vc_column][\/vc_row]<\/p>\n","protected":false},"excerpt":{"rendered":"<p>[vc_row][vc_column width=&#8221;2\/3&#8243; css=&#8221;.vc_custom_1543924365737{padding-right: 25px !important;padding-left: 25px !important;}&#8221;][vc_single_image image=&#8221;15486&#8243; img_size=&#8221;full&#8221;][vc_column_text]Diseases can be caused by genetics, biochemicals, or lifestyle. Clinical studies report that common products prescribed based on symptoms inflict different results [&hellip;]<\/p>\n","protected":false},"author":1,"featured_media":0,"parent":0,"menu_order":0,"comment_status":"closed","ping_status":"closed","template":"","meta":[],"_links":{"self":[{"href":"https:\/\/mercanbiotech.com\/en\/wp-json\/wp\/v2\/pages\/15559"}],"collection":[{"href":"https:\/\/mercanbiotech.com\/en\/wp-json\/wp\/v2\/pages"}],"about":[{"href":"https:\/\/mercanbiotech.com\/en\/wp-json\/wp\/v2\/types\/page"}],"author":[{"embeddable":true,"href":"https:\/\/mercanbiotech.com\/en\/wp-json\/wp\/v2\/users\/1"}],"replies":[{"embeddable":true,"href":"https:\/\/mercanbiotech.com\/en\/wp-json\/wp\/v2\/comments?post=15559"}],"version-history":[{"count":3,"href":"https:\/\/mercanbiotech.com\/en\/wp-json\/wp\/v2\/pages\/15559\/revisions"}],"predecessor-version":[{"id":15562,"href":"https:\/\/mercanbiotech.com\/en\/wp-json\/wp\/v2\/pages\/15559\/revisions\/15562"}],"wp:attachment":[{"href":"https:\/\/mercanbiotech.com\/en\/wp-json\/wp\/v2\/media?parent=15559"}],"curies":[{"name":"wp","href":"https:\/\/api.w.org\/{rel}","templated":true}]}}